{"id":5265,"date":"2024-01-12T17:48:05","date_gmt":"2024-01-12T17:48:05","guid":{"rendered":"https:\/\/jalgpallimuuseum.ee\/kontakt\/"},"modified":"2026-01-15T08:16:53","modified_gmt":"2026-01-15T08:16:53","slug":"kontakt","status":"publish","type":"page","link":"https:\/\/jalgpallimuuseum.ee\/et\/kontakt\/","title":{"rendered":"Kontakt"},"content":{"rendered":"\t\t<div data-elementor-type=\"wp-page\" data-elementor-id=\"5265\" class=\"elementor elementor-5265 elementor-200\" data-elementor-post-type=\"page\">\n\t\t\t\t<div class=\"elementor-element elementor-element-eada8b6 e-flex e-con-boxed no e-con e-parent\" data-id=\"eada8b6\" data-element_type=\"container\" data-e-type=\"container\">\n\t\t\t\t\t<div class=\"e-con-inner\">\n\t\t\t\t<div class=\"elementor-element elementor-element-65eed16 elementor-widget elementor-widget-ms_animated_headline\" data-id=\"65eed16\" data-element_type=\"widget\" data-e-type=\"widget\" data-widget_type=\"ms_animated_headline.default\">\n\t\t\t\t<div class=\"elementor-widget-container\">\n\t\t\t\t\t\r\n        <div class=\"ms-ah-wrapper\">\r\n            <h1 class=\"content__title\" data-splitting data-effect1 data-scroll=\"off\">\r\n            \tGET IN TOUCH            <\/h1>\r\n        <\/div>\r\n        \r\n    \t\t\t\t<\/div>\n\t\t\t\t<\/div>\n\t\t\t\t<div class=\"elementor-element elementor-element-91fb826 elementor-widget elementor-widget-text-editor\" data-id=\"91fb826\" data-element_type=\"widget\" data-e-type=\"widget\" data-widget_type=\"text-editor.default\">\n\t\t\t\t\t\t\t\t\t<p><span style=\"font-weight: 900;\">T\u00f6\u00f6aeg:<\/span><br>esmasp\u00e4ev, kolmap\u00e4ev, reede kell 10:00-13:00<\/p>\t\t\t\t\t\t\t\t<\/div>\n\t\t\t\t\t<\/div>\n\t\t\t\t<\/div>\n\t\t<div class=\"elementor-element elementor-element-90168d3 e-flex e-con-boxed e-con e-parent\" data-id=\"90168d3\" data-element_type=\"container\" data-e-type=\"container\">\n\t\t\t\t\t<div class=\"e-con-inner\">\n\t\t<div class=\"elementor-element elementor-element-4fb7e2c e-con-full e-flex no e-con e-child\" data-id=\"4fb7e2c\" data-element_type=\"container\" data-e-type=\"container\">\n\t\t\t\t<div class=\"elementor-element elementor-element-12a7aa3 elementor-widget elementor-widget-heading\" data-id=\"12a7aa3\" data-element_type=\"widget\" data-e-type=\"widget\" data-widget_type=\"heading.default\">\n\t\t\t\t\t<h5 class=\"elementor-heading-title elementor-size-default\">Muuseumi aadress<\/h5>\t\t\t\t<\/div>\n\t\t\t\t<div class=\"elementor-element elementor-element-da62690 elementor-widget elementor-widget-text-editor\" data-id=\"da62690\" data-element_type=\"widget\" data-e-type=\"widget\" data-widget_type=\"text-editor.default\">\n\t\t\t\t\t\t\t\t\t<p>Jaama 6, 41533, J\u00f5hvi, Eesti<\/p>\t\t\t\t\t\t\t\t<\/div>\n\t\t\t\t<\/div>\n\t\t<div class=\"elementor-element elementor-element-fdb4944 e-con-full e-flex no e-con e-child\" data-id=\"fdb4944\" data-element_type=\"container\" data-e-type=\"container\">\n\t\t\t\t<div class=\"elementor-element elementor-element-0469437 elementor-widget elementor-widget-heading\" data-id=\"0469437\" data-element_type=\"widget\" data-e-type=\"widget\" data-widget_type=\"heading.default\">\n\t\t\t\t\t<h5 class=\"elementor-heading-title elementor-size-default\">E-post<\/h5>\t\t\t\t<\/div>\n\t\t\t\t<div class=\"elementor-element elementor-element-cb1b18b elementor-widget elementor-widget-ms-simple-link\" data-id=\"cb1b18b\" data-element_type=\"widget\" data-e-type=\"widget\" data-widget_type=\"ms-simple-link.default\">\n\t\t\t\t<div class=\"elementor-widget-container\">\n\t\t\t\t\t\r\n        <a class=\"ms-sl\" role=\"button\" data-transition=\"no\" data-style=\"no\" href=\"mailto:fire@fcphoenix.ee\" target=\"hidden-iframe\">\r\n\r\n            \r\n            fire@fcphoenix.ee\r\n            \r\n        <\/a>\r\n\r\n        \t\t\t\t<\/div>\n\t\t\t\t<\/div>\n\t\t\t\t<\/div>\n\t\t<div class=\"elementor-element elementor-element-cc739cf e-con-full e-flex no e-con e-child\" data-id=\"cc739cf\" data-element_type=\"container\" data-e-type=\"container\">\n\t\t\t\t<div class=\"elementor-element elementor-element-6564655 elementor-widget elementor-widget-heading\" data-id=\"6564655\" data-element_type=\"widget\" data-e-type=\"widget\" data-widget_type=\"heading.default\">\n\t\t\t\t\t<h5 class=\"elementor-heading-title elementor-size-default\">Telefon<\/h5>\t\t\t\t<\/div>\n\t\t\t\t<div class=\"elementor-element elementor-element-2150b58 elementor-widget elementor-widget-text-editor\" data-id=\"2150b58\" data-element_type=\"widget\" data-e-type=\"widget\" data-widget_type=\"text-editor.default\">\n\t\t\t\t\t\t\t\t\t<p>+372 513 7727<\/p>\t\t\t\t\t\t\t\t<\/div>\n\t\t\t\t<\/div>\n\t\t<div class=\"elementor-element elementor-element-5a5c9ed e-con-full e-flex no e-con e-child\" data-id=\"5a5c9ed\" data-element_type=\"container\" data-e-type=\"container\">\n\t\t\t\t<div class=\"elementor-element elementor-element-871e971 elementor-widget elementor-widget-heading\" data-id=\"871e971\" data-element_type=\"widget\" data-e-type=\"widget\" data-widget_type=\"heading.default\">\n\t\t\t\t\t<h5 class=\"elementor-heading-title elementor-size-default\">J\u00e4lgi meie muuseumi<\/h5>\t\t\t\t<\/div>\n\t\t\t\t<div class=\"elementor-element elementor-element-5b36170 elementor-widget elementor-widget-ms-social-icons\" data-id=\"5b36170\" data-element_type=\"widget\" data-e-type=\"widget\" data-widget_type=\"ms-social-icons.default\">\n\t\t\t\t<div class=\"elementor-widget-container\">\n\t\t\t\t\t        <div class=\"ms-s-w\">\r\n                    <a class=\"ms-s-i mono s-icon\" href=\"https:\/\/www.facebook.com\/johvirahvajalgpallimuuseum\/\"><i class=\"fa-brands fa-facebook\"><\/i><\/a>\r\n                    <a class=\"ms-s-i mono s-icon\" href=\"https:\/\/www.instagram.com\/johvi_jalgpallimuuseum\/\"><i class=\"fa-brands fa-instagram\"><\/i><\/a>\r\n                    <a class=\"ms-s-i mono s-icon\" href=\"https:\/\/youtube.com\/playlist?list=PLH37iMrCapyg58iwc6ck_GBHbznQ2FvqK&si=nZ3zi9FY5YdMAp1Y\"><i class=\"fa-brands fa-youtube\"><\/i><\/a>\r\n                <\/div>\r\n    \t\t\t\t<\/div>\n\t\t\t\t<\/div>\n\t\t\t\t<\/div>\n\t\t\t\t\t<\/div>\n\t\t\t\t<\/div>\n\t\t<div class=\"elementor-element elementor-element-61da5ea e-flex e-con-boxed no e-con e-parent\" data-id=\"61da5ea\" data-element_type=\"container\" data-e-type=\"container\">\n\t\t\t\t\t<div class=\"e-con-inner\">\n\t\t\t\t<div class=\"elementor-element elementor-element-2ad4e8e elementor-widget elementor-widget-google_maps\" data-id=\"2ad4e8e\" data-element_type=\"widget\" data-e-type=\"widget\" data-widget_type=\"google_maps.default\">\n\t\t\t\t\t\t\t<div class=\"elementor-custom-embed\">\n\t\t\t<iframe loading=\"lazy\"\n\t\t\t\t\tsrc=\"https:\/\/maps.google.com\/maps?q=Jaama%206%2C%20J%C3%B5hvi&t=m&z=14&output=embed&iwloc=near\"\n\t\t\t\t\ttitle=\"Jaama 6, J\u00f5hvi\"\n\t\t\t\t\taria-label=\"Jaama 6, J\u00f5hvi\"\n\t\t\t><\/iframe>\n\t\t<\/div>\n\t\t\t\t\t\t<\/div>\n\t\t\t\t<div class=\"elementor-element elementor-element-80cf520 elementor-widget elementor-widget-spacer\" data-id=\"80cf520\" data-element_type=\"widget\" data-e-type=\"widget\" data-widget_type=\"spacer.default\">\n\t\t\t\t\t\t\t<div class=\"elementor-spacer\">\n\t\t\t<div class=\"elementor-spacer-inner\"><\/div>\n\t\t<\/div>\n\t\t\t\t\t\t<\/div>\n\t\t\t\t\t<\/div>\n\t\t\t\t<\/div>\n\t\t\t\t<\/div>\n\t\t","protected":false},"excerpt":{"rendered":"<p>GET IN TOUCH T\u00f6\u00f6aeg:esmasp\u00e4ev, kolmap\u00e4ev, reede kell 10:00-13:00 Muuseumi aadress Jaama 6, 41533, J\u00f5hvi, Eesti E-post fire@fcphoenix.ee Telefon +372 513 7727 J\u00e4lgi meie muuseumi<\/p>\n","protected":false},"author":1,"featured_media":0,"parent":0,"menu_order":0,"comment_status":"closed","ping_status":"closed","template":"page-custom.php","meta":{"_acf_changed":false,"_monsterinsights_skip_tracking":false,"_monsterinsights_sitenote_active":false,"_monsterinsights_sitenote_note":"","_monsterinsights_sitenote_category":0,"footnotes":""},"class_list":["post-5265","page","type-page","status-publish","hentry"],"acf":{"choi\u0441e_menu_page":false,"full_width":false,"header_transparent":false,"header_white":false,"menu_type_page":"default","menu_align_page":"default"},"aioseo_notices":[],"_links":{"self":[{"href":"https:\/\/jalgpallimuuseum.ee\/et\/wp-json\/wp\/v2\/pages\/5265","targetHints":{"allow":["GET"]}}],"collection":[{"href":"https:\/\/jalgpallimuuseum.ee\/et\/wp-json\/wp\/v2\/pages"}],"about":[{"href":"https:\/\/jalgpallimuuseum.ee\/et\/wp-json\/wp\/v2\/types\/page"}],"author":[{"embeddable":true,"href":"https:\/\/jalgpallimuuseum.ee\/et\/wp-json\/wp\/v2\/users\/1"}],"replies":[{"embeddable":true,"href":"https:\/\/jalgpallimuuseum.ee\/et\/wp-json\/wp\/v2\/comments?post=5265"}],"version-history":[{"count":2,"href":"https:\/\/jalgpallimuuseum.ee\/et\/wp-json\/wp\/v2\/pages\/5265\/revisions"}],"predecessor-version":[{"id":5733,"href":"https:\/\/jalgpallimuuseum.ee\/et\/wp-json\/wp\/v2\/pages\/5265\/revisions\/5733"}],"wp:attachment":[{"href":"https:\/\/jalgpallimuuseum.ee\/et\/wp-json\/wp\/v2\/media?parent=5265"}],"curies":[{"name":"wp","href":"https:\/\/api.w.org\/{rel}","templated":true}]}}