{"id":5259,"date":"2024-01-09T20:00:02","date_gmt":"2024-01-09T20:00:02","guid":{"rendered":"https:\/\/jalgpallimuuseum.ee\/uudised\/"},"modified":"2025-03-27T08:10:13","modified_gmt":"2025-03-27T08:10:13","slug":"uudised","status":"publish","type":"page","link":"https:\/\/jalgpallimuuseum.ee\/et\/uudised\/","title":{"rendered":"Uudised"},"content":{"rendered":"\t\t<div data-elementor-type=\"wp-page\" data-elementor-id=\"5259\" class=\"elementor elementor-5259 elementor-123\" data-elementor-post-type=\"page\">\n\t\t\t\t<div class=\"elementor-element elementor-element-ae896c9 e-flex e-con-boxed no e-con e-parent\" data-id=\"ae896c9\" data-element_type=\"container\" data-e-type=\"container\">\n\t\t\t\t\t<div class=\"e-con-inner\">\n\t\t\t\t<div class=\"elementor-element elementor-element-69c2e6b elementor-widget elementor-widget-ms_animated_headline\" data-id=\"69c2e6b\" data-element_type=\"widget\" data-e-type=\"widget\" data-widget_type=\"ms_animated_headline.default\">\n\t\t\t\t<div class=\"elementor-widget-container\">\n\t\t\t\t\t\r\n        <div class=\"ms-ah-wrapper\">\r\n            <h1 class=\"content__title\" data-splitting data-effect5 data-scroll=\"off\">\r\n            \tViimased uudised            <\/h1>\r\n        <\/div>\r\n        \r\n    \t\t\t\t<\/div>\n\t\t\t\t<\/div>\n\t\t\t\t\t<\/div>\n\t\t\t\t<\/div>\n\t\t<div class=\"elementor-element elementor-element-5cd018d e-flex e-con-boxed no e-con e-parent\" data-id=\"5cd018d\" data-element_type=\"container\" data-e-type=\"container\">\n\t\t\t\t\t<div class=\"e-con-inner\">\n\t\t\t\t<div class=\"elementor-element elementor-element-ed8107d elementor-widget elementor-widget-ms_posts\" data-id=\"ed8107d\" data-element_type=\"widget\" data-e-type=\"widget\" data-widget_type=\"ms_posts.default\">\n\t\t\t\t<div class=\"elementor-widget-container\">\n\t\t\t\t\t\t\t\r\n\t\t<div class=\"ms-posts--wrap\">\r\n\t\t\t<div class=\"row ms-posts--card\" id=\"ed8107d\" data-order=\"\">\r\n\r\n\t\t\t\t\t\r\n\r\n\t\t\t\t\t\t\r\n<article id=\"post-5773\" class=\"grid-item col-sm-12 col-md-6 col-lg-6 post-5773 post type-post status-publish format-standard has-post-thumbnail hentry category-malestised\">\r\n\r\n    <a href=\"https:\/\/jalgpallimuuseum.ee\/et\/algas-rahakogumine-platvormil-hooandja\/\" aria-label=\"Algas rahakogumine platvormil Hooandja\"><\/a>\r\n\r\n    \r\n        <figure class=\"ms-posts--card__media\">\r\n            <img decoding=\"async\" src=\"https:\/\/jalgpallimuuseum.ee\/wp-content\/uploads\/2026\/03\/IMG_9603.jpg\" alt=\"Algas rahakogumine platvormil Hooandja\">\r\n        <\/figure>\r\n\r\n    \r\n    <div class=\"post-content\">\r\n\r\n        \r\n        <div class=\"post-meta-header\">\r\n\r\n            <div class=\"post-header--author\">\r\n\r\n                <img decoding=\"async\" src=\"https:\/\/secure.gravatar.com\/avatar\/cb5f1d7e65a1076ec8de4e4d1cda849e091af0dcf7da3204ddb1a1c9fdefdaa9?s=45&d=mm&r=g\" alt=\"Vladislav Naumov\">\r\n\r\n                <div class=\"post-meta__info\">\r\n                    <span class=\"post-meta__author\">Vladislav Naumov<\/span>\r\n                    <span class=\"post-meta__date\">11. m\u00e4rts 2026<\/span>\r\n                <\/div>\r\n\r\n            <\/div>\r\n\r\n        <\/div>    \r\n\r\n        <div class=\"post-meta-cont\">\r\n            <div class=\"post-category\"><a href=\"https:\/\/jalgpallimuuseum.ee\/et\/category\/malestised\/\" rel=\"category tag\">M\u00e4lestised<\/a><\/div>\r\n            <div class=\"post-header\">\r\n                <a class=\"post-title\" href=\"https:\/\/jalgpallimuuseum.ee\/et\/algas-rahakogumine-platvormil-hooandja\/\" aria-label=\"Algas rahakogumine platvormil Hooandja\">\r\n                    <h3>Algas rahakogumine platvormil Hooandja<\/h3>\r\n                <\/a>\r\n            <\/div>\r\n        <\/div>\r\n\r\n    <\/div>\r\n\r\n<\/article>\r\n\r\n\t\t\t\t\t\r\n\r\n\t\t\t\t\t\t\r\n<article id=\"post-5744\" class=\"grid-item col-sm-12 col-md-6 col-lg-6 post-5744 post type-post status-publish format-standard has-post-thumbnail hentry category-malestised\">\r\n\r\n    <a href=\"https:\/\/jalgpallimuuseum.ee\/et\/malestusmark-tonu-eapost\/\" aria-label=\"M\u00e4lestusm\u00e4rk T\u00f5nu Eapost\"><\/a>\r\n\r\n    \r\n        <figure class=\"ms-posts--card__media\">\r\n            <img decoding=\"async\" src=\"https:\/\/jalgpallimuuseum.ee\/wp-content\/uploads\/2026\/02\/Fl_plaR1.jpg\" alt=\"M\u00e4lestusm\u00e4rk T\u00f5nu Eapost\">\r\n        <\/figure>\r\n\r\n    \r\n    <div class=\"post-content\">\r\n\r\n        \r\n        <div class=\"post-meta-header\">\r\n\r\n            <div class=\"post-header--author\">\r\n\r\n                <img decoding=\"async\" src=\"https:\/\/secure.gravatar.com\/avatar\/cb5f1d7e65a1076ec8de4e4d1cda849e091af0dcf7da3204ddb1a1c9fdefdaa9?s=45&d=mm&r=g\" alt=\"Vladislav Naumov\">\r\n\r\n                <div class=\"post-meta__info\">\r\n                    <span class=\"post-meta__author\">Vladislav Naumov<\/span>\r\n                    <span class=\"post-meta__date\">4. veebr. 2026<\/span>\r\n                <\/div>\r\n\r\n            <\/div>\r\n\r\n        <\/div>    \r\n\r\n        <div class=\"post-meta-cont\">\r\n            <div class=\"post-category\"><a href=\"https:\/\/jalgpallimuuseum.ee\/et\/category\/malestised\/\" rel=\"category tag\">M\u00e4lestised<\/a><\/div>\r\n            <div class=\"post-header\">\r\n                <a class=\"post-title\" href=\"https:\/\/jalgpallimuuseum.ee\/et\/malestusmark-tonu-eapost\/\" aria-label=\"M\u00e4lestusm\u00e4rk T\u00f5nu Eapost\">\r\n                    <h3>M\u00e4lestusm\u00e4rk T\u00f5nu Eapost<\/h3>\r\n                <\/a>\r\n            <\/div>\r\n        <\/div>\r\n\r\n    <\/div>\r\n\r\n<\/article>\r\n\r\n\t\t\t\t\t\r\n\r\n\t\t\t\t\t\t\r\n<article id=\"post-5724\" class=\"grid-item col-sm-12 col-md-6 col-lg-6 post-5724 post type-post status-publish format-standard has-post-thumbnail hentry category-muuseumi-kulalised\">\r\n\r\n    <a href=\"https:\/\/jalgpallimuuseum.ee\/et\/erik-steinberg-meie-muuseumi-kauaoodatud-kulaline\/\" aria-label=\"Erik \u0160teinberg \u2013 meie muuseumi kauaoodatud k\u00fclaline\"><\/a>\r\n\r\n    \r\n        <figure class=\"ms-posts--card__media\">\r\n            <img decoding=\"async\" src=\"https:\/\/jalgpallimuuseum.ee\/wp-content\/uploads\/2025\/11\/IMG_8543-scaled.jpeg\" alt=\"Erik \u0160teinberg \u2013 meie muuseumi kauaoodatud k\u00fclaline\">\r\n        <\/figure>\r\n\r\n    \r\n    <div class=\"post-content\">\r\n\r\n        \r\n        <div class=\"post-meta-header\">\r\n\r\n            <div class=\"post-header--author\">\r\n\r\n                <img decoding=\"async\" src=\"https:\/\/secure.gravatar.com\/avatar\/cb5f1d7e65a1076ec8de4e4d1cda849e091af0dcf7da3204ddb1a1c9fdefdaa9?s=45&d=mm&r=g\" alt=\"Vladislav Naumov\">\r\n\r\n                <div class=\"post-meta__info\">\r\n                    <span class=\"post-meta__author\">Vladislav Naumov<\/span>\r\n                    <span class=\"post-meta__date\">21. nov. 2025<\/span>\r\n                <\/div>\r\n\r\n            <\/div>\r\n\r\n        <\/div>    \r\n\r\n        <div class=\"post-meta-cont\">\r\n            <div class=\"post-category\"><a href=\"https:\/\/jalgpallimuuseum.ee\/et\/category\/muuseumi-kulalised\/\" rel=\"category tag\">Muuseumi k\u00fclalised<\/a><\/div>\r\n            <div class=\"post-header\">\r\n                <a class=\"post-title\" href=\"https:\/\/jalgpallimuuseum.ee\/et\/erik-steinberg-meie-muuseumi-kauaoodatud-kulaline\/\" aria-label=\"Erik \u0160teinberg \u2013 meie muuseumi kauaoodatud k\u00fclaline\">\r\n                    <h3>Erik \u0160teinberg \u2013 meie muuseumi kauaoodatud k\u00fclaline<\/h3>\r\n                <\/a>\r\n            <\/div>\r\n        <\/div>\r\n\r\n    <\/div>\r\n\r\n<\/article>\r\n\r\n\t\t\t\t\t\r\n\r\n\t\t\t\t\t\t\r\n<article id=\"post-5688\" class=\"grid-item col-sm-12 col-md-6 col-lg-6 post-5688 post type-post status-publish format-standard has-post-thumbnail hentry category-muuseumi-kulalised\">\r\n\r\n    <a href=\"https:\/\/jalgpallimuuseum.ee\/et\/mihhail-starodubtsev-kulastas-meie-muuseumi\/\" aria-label=\"Mihhail Starodubtsev k\u00fclastas meie muuseumi\"><\/a>\r\n\r\n    \r\n        <figure class=\"ms-posts--card__media\">\r\n            <img decoding=\"async\" src=\"https:\/\/jalgpallimuuseum.ee\/wp-content\/uploads\/2025\/11\/575128456_1317023223554321_1824792220911866227_n-e1763624029755.jpg\" alt=\"Mihhail Starodubtsev k\u00fclastas meie muuseumi\">\r\n        <\/figure>\r\n\r\n    \r\n    <div class=\"post-content\">\r\n\r\n        \r\n        <div class=\"post-meta-header\">\r\n\r\n            <div class=\"post-header--author\">\r\n\r\n                <img decoding=\"async\" src=\"https:\/\/secure.gravatar.com\/avatar\/cb5f1d7e65a1076ec8de4e4d1cda849e091af0dcf7da3204ddb1a1c9fdefdaa9?s=45&d=mm&r=g\" alt=\"Vladislav Naumov\">\r\n\r\n                <div class=\"post-meta__info\">\r\n                    <span class=\"post-meta__author\">Vladislav Naumov<\/span>\r\n                    <span class=\"post-meta__date\">20. nov. 2025<\/span>\r\n                <\/div>\r\n\r\n            <\/div>\r\n\r\n        <\/div>    \r\n\r\n        <div class=\"post-meta-cont\">\r\n            <div class=\"post-category\"><a href=\"https:\/\/jalgpallimuuseum.ee\/et\/category\/muuseumi-kulalised\/\" rel=\"category tag\">Muuseumi k\u00fclalised<\/a><\/div>\r\n            <div class=\"post-header\">\r\n                <a class=\"post-title\" href=\"https:\/\/jalgpallimuuseum.ee\/et\/mihhail-starodubtsev-kulastas-meie-muuseumi\/\" aria-label=\"Mihhail Starodubtsev k\u00fclastas meie muuseumi\">\r\n                    <h3>Mihhail Starodubtsev k\u00fclastas meie muuseumi<\/h3>\r\n                <\/a>\r\n            <\/div>\r\n        <\/div>\r\n\r\n    <\/div>\r\n\r\n<\/article>\r\n\r\n\t\t\t\t\t\r\n\r\n\t\t\t\t\t\t\r\n<article id=\"post-5668\" class=\"grid-item col-sm-12 col-md-6 col-lg-6 post-5668 post type-post status-publish format-standard has-post-thumbnail hentry category-muuseumi-kulalised\">\r\n\r\n    <a href=\"https:\/\/jalgpallimuuseum.ee\/et\/roheline-jalgpall-uhendas-1000-fanni\/\" aria-label=\"Roheline jalgpall \u00fchendas 1000 f\u00e4nni!\"><\/a>\r\n\r\n    \r\n        <figure class=\"ms-posts--card__media\">\r\n            <img decoding=\"async\" src=\"https:\/\/jalgpallimuuseum.ee\/wp-content\/uploads\/2025\/08\/IMG_6596-scaled.jpeg\" alt=\"Roheline jalgpall \u00fchendas 1000 f\u00e4nni!\">\r\n        <\/figure>\r\n\r\n    \r\n    <div class=\"post-content\">\r\n\r\n        \r\n        <div class=\"post-meta-header\">\r\n\r\n            <div class=\"post-header--author\">\r\n\r\n                <img decoding=\"async\" src=\"https:\/\/secure.gravatar.com\/avatar\/cb5f1d7e65a1076ec8de4e4d1cda849e091af0dcf7da3204ddb1a1c9fdefdaa9?s=45&d=mm&r=g\" alt=\"Vladislav Naumov\">\r\n\r\n                <div class=\"post-meta__info\">\r\n                    <span class=\"post-meta__author\">Vladislav Naumov<\/span>\r\n                    <span class=\"post-meta__date\">28. aug. 2025<\/span>\r\n                <\/div>\r\n\r\n            <\/div>\r\n\r\n        <\/div>    \r\n\r\n        <div class=\"post-meta-cont\">\r\n            <div class=\"post-category\"><a href=\"https:\/\/jalgpallimuuseum.ee\/et\/category\/muuseumi-kulalised\/\" rel=\"category tag\">Muuseumi k\u00fclalised<\/a><\/div>\r\n            <div class=\"post-header\">\r\n                <a class=\"post-title\" href=\"https:\/\/jalgpallimuuseum.ee\/et\/roheline-jalgpall-uhendas-1000-fanni\/\" aria-label=\"Roheline jalgpall \u00fchendas 1000 f\u00e4nni!\">\r\n                    <h3>Roheline jalgpall \u00fchendas 1000 f\u00e4nni!<\/h3>\r\n                <\/a>\r\n            <\/div>\r\n        <\/div>\r\n\r\n    <\/div>\r\n\r\n<\/article>\r\n\r\n\t\t\t\t\t\r\n\r\n\t\t\t\t\t\t\r\n<article id=\"post-5649\" class=\"grid-item col-sm-12 col-md-6 col-lg-6 post-5649 post type-post status-publish format-standard has-post-thumbnail hentry category-muuseumi-kulalised\">\r\n\r\n    <a href=\"https:\/\/jalgpallimuuseum.ee\/et\/populaarsed-moldova-artistid-kulastasid-muuseumi\/\" aria-label=\"Populaarsed Moldova artistid k\u00fclastasid muuseumi\"><\/a>\r\n\r\n    \r\n        <figure class=\"ms-posts--card__media\">\r\n            <img decoding=\"async\" src=\"https:\/\/jalgpallimuuseum.ee\/wp-content\/uploads\/2025\/06\/IMG_5083-scaled-e1749027288922.jpeg\" alt=\"Populaarsed Moldova artistid k\u00fclastasid muuseumi\">\r\n        <\/figure>\r\n\r\n    \r\n    <div class=\"post-content\">\r\n\r\n        \r\n        <div class=\"post-meta-header\">\r\n\r\n            <div class=\"post-header--author\">\r\n\r\n                <img decoding=\"async\" src=\"https:\/\/secure.gravatar.com\/avatar\/cb5f1d7e65a1076ec8de4e4d1cda849e091af0dcf7da3204ddb1a1c9fdefdaa9?s=45&d=mm&r=g\" alt=\"Vladislav Naumov\">\r\n\r\n                <div class=\"post-meta__info\">\r\n                    <span class=\"post-meta__author\">Vladislav Naumov<\/span>\r\n                    <span class=\"post-meta__date\">4. juuni 2025<\/span>\r\n                <\/div>\r\n\r\n            <\/div>\r\n\r\n        <\/div>    \r\n\r\n        <div class=\"post-meta-cont\">\r\n            <div class=\"post-category\"><a href=\"https:\/\/jalgpallimuuseum.ee\/et\/category\/muuseumi-kulalised\/\" rel=\"category tag\">Muuseumi k\u00fclalised<\/a><\/div>\r\n            <div class=\"post-header\">\r\n                <a class=\"post-title\" href=\"https:\/\/jalgpallimuuseum.ee\/et\/populaarsed-moldova-artistid-kulastasid-muuseumi\/\" aria-label=\"Populaarsed Moldova artistid k\u00fclastasid muuseumi\">\r\n                    <h3>Populaarsed Moldova artistid k\u00fclastasid muuseumi<\/h3>\r\n                <\/a>\r\n            <\/div>\r\n        <\/div>\r\n\r\n    <\/div>\r\n\r\n<\/article>\r\n\r\n\t\t\t\t\t\r\n                                            <svg style=\"visibility: hidden; position: absolute;\" width=\"0\" height=\"0\" xmlns=\"http:\/\/www.w3.org\/2000\/svg\" version=\"1.1\">\r\n                            <defs>\r\n                                <filter id=\"goo\"><feGaussianBlur in=\"SourceGraphic\" stdDeviation=\"6\" result=\"blur\" \/>    \r\n                                    <feColorMatrix in=\"blur\" type=\"matrix\" values=\"1 0 0 0 0  0 1 0 0 0  0 0 1 0 0  0 0 0 19 -9\" result=\"goo\" \/>\r\n                                    <feComposite in=\"SourceGraphic\" in2=\"goo\" operator=\"atop\"\/>\r\n                                <\/filter>\r\n                            <\/defs>\r\n                        <\/svg>\r\n                    \r\n\t\t            \t        \t\t\t\t\t\t\t\t\t\t\t<nav class=\"pagination\" aria-label=\"Pagination\"><ol class=\"pagination__list\">\n<li class=\"page-item active\"><a href=\"https:\/\/jalgpallimuuseum.ee\/et\/wp-json\/wp\/v2\/pages\/5259\/\" class=\"pagination__item\">1<\/a><\/li>\n<li><a href=\"https:\/\/jalgpallimuuseum.ee\/et\/wp-json\/wp\/v2\/pages\/5259\/page\/2\/\" class=\"pagination__item\">2<\/a><\/li>\n<li><a href=\"https:\/\/jalgpallimuuseum.ee\/et\/wp-json\/wp\/v2\/pages\/5259\/page\/3\/\" class=\"pagination__item\">3<\/a><\/li>\n<li class=\"display--sm\"><a href=\"https:\/\/jalgpallimuuseum.ee\/et\/wp-json\/wp\/v2\/pages\/5259\/page\/4\/\" class=\"pagination__item pagination__item--ellipsis\">4<\/a><\/li>\n<li class=\"page-item next\"><a href=\"https:\/\/jalgpallimuuseum.ee\/et\/wp-json\/wp\/v2\/pages\/5259\/page\/2\/\" >Next<\/a> <\/li>\n<\/ol><\/nav>\n\t\t            \t\t\t            \t\t\t<\/div>\r\n\t\t<\/div>\r\n\t\t\t\t\t\t<\/div>\n\t\t\t\t<\/div>\n\t\t\t\t\t<\/div>\n\t\t\t\t<\/div>\n\t\t\t\t<\/div>\n\t\t","protected":false},"excerpt":{"rendered":"<p>Viimased uudised<\/p>\n","protected":false},"author":1,"featured_media":0,"parent":0,"menu_order":0,"comment_status":"closed","ping_status":"closed","template":"page-custom.php","meta":{"_acf_changed":false,"_monsterinsights_skip_tracking":false,"_monsterinsights_sitenote_active":false,"_monsterinsights_sitenote_note":"","_monsterinsights_sitenote_category":0,"footnotes":""},"class_list":["post-5259","page","type-page","status-publish","hentry"],"acf":{"choi\u0441e_menu_page":false,"full_width":false,"header_transparent":false,"header_white":false,"menu_type_page":"default","menu_align_page":"default"},"aioseo_notices":[],"_links":{"self":[{"href":"https:\/\/jalgpallimuuseum.ee\/et\/wp-json\/wp\/v2\/pages\/5259","targetHints":{"allow":["GET"]}}],"collection":[{"href":"https:\/\/jalgpallimuuseum.ee\/et\/wp-json\/wp\/v2\/pages"}],"about":[{"href":"https:\/\/jalgpallimuuseum.ee\/et\/wp-json\/wp\/v2\/types\/page"}],"author":[{"embeddable":true,"href":"https:\/\/jalgpallimuuseum.ee\/et\/wp-json\/wp\/v2\/users\/1"}],"replies":[{"embeddable":true,"href":"https:\/\/jalgpallimuuseum.ee\/et\/wp-json\/wp\/v2\/comments?post=5259"}],"version-history":[{"count":4,"href":"https:\/\/jalgpallimuuseum.ee\/et\/wp-json\/wp\/v2\/pages\/5259\/revisions"}],"predecessor-version":[{"id":5278,"href":"https:\/\/jalgpallimuuseum.ee\/et\/wp-json\/wp\/v2\/pages\/5259\/revisions\/5278"}],"wp:attachment":[{"href":"https:\/\/jalgpallimuuseum.ee\/et\/wp-json\/wp\/v2\/media?parent=5259"}],"curies":[{"name":"wp","href":"https:\/\/api.w.org\/{rel}","templated":true}]}}