{"id":5522,"date":"2024-02-21T17:23:48","date_gmt":"2024-02-21T17:23:48","guid":{"rendered":"https:\/\/jalgpallimuuseum.ee\/video-slider\/"},"modified":"2025-05-05T07:06:33","modified_gmt":"2025-05-05T07:06:33","slug":"video-slider","status":"publish","type":"page","link":"https:\/\/jalgpallimuuseum.ee\/en\/video-slider\/","title":{"rendered":"Video Slider"},"content":{"rendered":"\t\t<div data-elementor-type=\"wp-page\" data-elementor-id=\"5522\" class=\"elementor elementor-5522 elementor-901\" data-elementor-post-type=\"page\">\n\t\t\t\t<div class=\"elementor-element elementor-element-334365e e-con-full e-flex no e-con e-parent\" data-id=\"334365e\" data-element_type=\"container\" data-e-type=\"container\">\n\t\t\t\t<div class=\"elementor-element elementor-element-59a3b97 e-transform e-transform elementor-widget elementor-widget-ms_slider\" data-id=\"59a3b97\" data-element_type=\"widget\" data-e-type=\"widget\" data-settings=\"{&quot;_transform_translateX_effect&quot;:{&quot;unit&quot;:&quot;px&quot;,&quot;size&quot;:0,&quot;sizes&quot;:[]},&quot;_transform_rotateZ_effect&quot;:{&quot;unit&quot;:&quot;px&quot;,&quot;size&quot;:&quot;&quot;,&quot;sizes&quot;:[]},&quot;_transform_rotateZ_effect_tablet&quot;:{&quot;unit&quot;:&quot;deg&quot;,&quot;size&quot;:&quot;&quot;,&quot;sizes&quot;:[]},&quot;_transform_rotateZ_effect_mobile&quot;:{&quot;unit&quot;:&quot;deg&quot;,&quot;size&quot;:&quot;&quot;,&quot;sizes&quot;:[]},&quot;_transform_translateX_effect_tablet&quot;:{&quot;unit&quot;:&quot;px&quot;,&quot;size&quot;:&quot;&quot;,&quot;sizes&quot;:[]},&quot;_transform_translateX_effect_mobile&quot;:{&quot;unit&quot;:&quot;px&quot;,&quot;size&quot;:&quot;&quot;,&quot;sizes&quot;:[]},&quot;_transform_translateY_effect&quot;:{&quot;unit&quot;:&quot;px&quot;,&quot;size&quot;:&quot;&quot;,&quot;sizes&quot;:[]},&quot;_transform_translateY_effect_tablet&quot;:{&quot;unit&quot;:&quot;px&quot;,&quot;size&quot;:&quot;&quot;,&quot;sizes&quot;:[]},&quot;_transform_translateY_effect_mobile&quot;:{&quot;unit&quot;:&quot;px&quot;,&quot;size&quot;:&quot;&quot;,&quot;sizes&quot;:[]}}\" data-widget_type=\"ms_slider.default\">\n\t\t\t\t<div class=\"elementor-widget-container\">\n\t\t\t\t\t\r\n                <div class=\"ms-slider default-slider\">\r\n\r\n                    <div class=\"swiper ms-slider-default\" data-autoplay=\"\" data-autoplay-delay=\"\" data-centered=\"on\" data-mousewheel=\"on\" data-simulatetouch=\"\" data-effect=\"fade\" data-direction=\"\" data-loop=\"on\" data-spv=\"1\" data-spv-t=\"1\" data-spv-m=\"1\" data-space=\"0\" data-space-t=\"0\" data-space-m=\"0\" data-speed=\"700\" data-nav=\"show\">\r\n\r\n                        <div class=\"swiper-wrapper\">\r\n\r\n                            \r\n                                <div class=\"swiper-slide\">\r\n                                \r\n                                                                        \r\n                                    \r\n                                        <div class=\"ms-slider--video\">\r\n\r\n                                                                                            <div data-vbg-mobile=\"true\" data-vbg-start-at=\"\" data-vbg-end-at=\"\" data-vbg=\"https:\/\/youtu.be\/pmMdE16Xbrw?si=dWwQ9vagxoXyo9jD\"><\/div>\r\n                                            \r\n                                            \r\n                                            \r\n                                        <\/div>\r\n\r\n                                    \r\n                                    \r\n                                        \r\n                                            <div class=\"ms-slider--cont ms-material-label swiper-material-animate-scale\">\r\n                                                <div class=\"ms-cont__inner\">\r\n\r\n                                                                                                            <h1 class=\"ms-sc--t\" data-splitting>Trib\u00fc\u00fcn<br>Esiliiga B m\u00e4ng<\/h1>\r\n                                                    \r\n                                                    \r\n                                                    \r\n                                                        <div class=\"ms-cont__btn\">\r\n\r\n                                                                                                                                                                                            <a class=\"btn btn-mokko btn--lg btn--primary\" href=\"https:\/\/youtu.be\/pmMdE16Xbrw?si=23Rx8lKJ_7llw91l\" >\r\n                                                                    <div class=\"ms-btn__text\">\r\n                                                                        \u0421\u043c\u043e\u0442\u0440\u0435\u0442\u044c \u043d\u0430 YouTube                                                                    <\/div>\r\n                                                                <\/a>\r\n                                                            \r\n                                                        <\/div>\r\n\r\n                                                                                                        \r\n                                                    <div class=\"ms-slider--overlay\"><\/div>\r\n                                                <\/div>\r\n                                            <\/div>\r\n\r\n                                        \r\n                                    \r\n                                    \r\n                                <\/div>\r\n\r\n                            \r\n                                <div class=\"swiper-slide\">\r\n                                \r\n                                                                        \r\n                                    \r\n                                        <div class=\"ms-slider--video\">\r\n\r\n                                                                                            <div data-vbg-mobile=\"true\" data-vbg-start-at=\"\" data-vbg-end-at=\"\" data-vbg=\"https:\/\/youtu.be\/B46b2GYWqw8?si=lmiwTNQmBrtkYmwV\"><\/div>\r\n                                            \r\n                                            \r\n                                            \r\n                                        <\/div>\r\n\r\n                                    \r\n                                    \r\n                                        \r\n                                            <div class=\"ms-slider--cont ms-material-label swiper-material-animate-scale\">\r\n                                                <div class=\"ms-cont__inner\">\r\n\r\n                                                                                                            <h1 class=\"ms-sc--t\" data-splitting>\u0421\u044e\u0436\u0435\u0442 \u043e \u043c\u0443\u0437\u0435\u0435<br>\u0438\u0441\u0442\u043e\u0440\u0438\u0438 \u0444\u0443\u0442\u0431\u043e\u043b\u0430<\/h1>\r\n                                                    \r\n                                                    \r\n                                                    \r\n                                                        <div class=\"ms-cont__btn\">\r\n\r\n                                                                                                                                                                                            <a class=\"btn btn-mokko btn--lg btn--primary\" href=\"https:\/\/youtu.be\/B46b2GYWqw8?si=KtQg_wIcr9RLUcdN\" >\r\n                                                                    <div class=\"ms-btn__text\">\r\n                                                                        \u0421\u043c\u043e\u0442\u0440\u0435\u0442\u044c \u043d\u0430 YouTube                                                                    <\/div>\r\n                                                                <\/a>\r\n                                                            \r\n                                                        <\/div>\r\n\r\n                                                                                                        \r\n                                                    <div class=\"ms-slider--overlay\"><\/div>\r\n                                                <\/div>\r\n                                            <\/div>\r\n\r\n                                        \r\n                                    \r\n                                    \r\n                                <\/div>\r\n\r\n                            \r\n                                <div class=\"swiper-slide\">\r\n                                \r\n                                                                        \r\n                                    \r\n                                        <div class=\"ms-slider--video\">\r\n\r\n                                                                                            <div data-vbg-mobile=\"true\" data-vbg-start-at=\"\" data-vbg-end-at=\"\" data-vbg=\"https:\/\/youtu.be\/yWPd7UI3s0E?si=fuzdEpLG1zlP7qRf\"><\/div>\r\n                                            \r\n                                            \r\n                                            \r\n                                        <\/div>\r\n\r\n                                    \r\n                                    \r\n                                        \r\n                                            <div class=\"ms-slider--cont ms-material-label swiper-material-animate-scale\">\r\n                                                <div class=\"ms-cont__inner\">\r\n\r\n                                                                                                            <h1 class=\"ms-sc--t\" data-splitting>FC Phoenix<br>\u0441\u043e\u0437\u0434\u0430\u0435\u0442 \u0414\u043e\u043c \u0444\u0443\u0442\u0431\u043e\u043b\u0430<\/h1>\r\n                                                    \r\n                                                    \r\n                                                    \r\n                                                        <div class=\"ms-cont__btn\">\r\n\r\n                                                                                                                                                                                            <a class=\"btn btn-mokko btn--lg btn--primary\" href=\"https:\/\/youtu.be\/yWPd7UI3s0E?si=J9Ai_7alK3IJfwE4\" >\r\n                                                                    <div class=\"ms-btn__text\">\r\n                                                                        \u0421\u043c\u043e\u0442\u0440\u0435\u0442\u044c \u043d\u0430 YouTube                                                                    <\/div>\r\n                                                                <\/a>\r\n                                                            \r\n                                                        <\/div>\r\n\r\n                                                                                                        \r\n                                                    <div class=\"ms-slider--overlay\"><\/div>\r\n                                                <\/div>\r\n                                            <\/div>\r\n\r\n                                        \r\n                                    \r\n                                    \r\n                                <\/div>\r\n\r\n                            \r\n                        <\/div>\r\n\r\n                                                    <div class=\"ms-nav--next swiper-button-next md\"><\/div>\r\n                            <div class=\"ms-nav--prev swiper-button-prev md\"><\/div>\r\n                        \r\n                                                \r\n                    <\/div>\r\n\r\n                <\/div>\r\n\r\n            \r\n\r\n\t\t\t\t\t\t<\/div>\n\t\t\t\t<\/div>\n\t\t\t\t<\/div>\n\t\t\t\t<\/div>\n\t\t","protected":false},"excerpt":{"rendered":"<p>Trib\u00fc\u00fcnEsiliiga B m\u00e4ng \u0421\u043c\u043e\u0442\u0440\u0435\u0442\u044c \u043d\u0430 YouTube \u0421\u044e\u0436\u0435\u0442 \u043e \u043c\u0443\u0437\u0435\u0435\u0438\u0441\u0442\u043e\u0440\u0438\u0438 \u0444\u0443\u0442\u0431\u043e\u043b\u0430 \u0421\u043c\u043e\u0442\u0440\u0435\u0442\u044c \u043d\u0430 YouTube FC Phoenix\u0441\u043e\u0437\u0434\u0430\u0435\u0442 \u0414\u043e\u043c \u0444\u0443\u0442\u0431\u043e\u043b\u0430 \u0421\u043c\u043e\u0442\u0440\u0435\u0442\u044c \u043d\u0430 YouTube<\/p>\n","protected":false},"author":1,"featured_media":0,"parent":0,"menu_order":0,"comment_status":"closed","ping_status":"closed","template":"page-no-footer.php","meta":{"_acf_changed":false,"_monsterinsights_skip_tracking":false,"_monsterinsights_sitenote_active":false,"_monsterinsights_sitenote_note":"","_monsterinsights_sitenote_category":0,"footnotes":""},"class_list":["post-5522","page","type-page","status-publish","hentry"],"acf":{"choi\u0441e_menu_page":false,"full_width":false,"header_transparent":false,"header_white":false,"menu_type_page":"default","menu_align_page":"default"},"aioseo_notices":[],"_links":{"self":[{"href":"https:\/\/jalgpallimuuseum.ee\/en\/wp-json\/wp\/v2\/pages\/5522","targetHints":{"allow":["GET"]}}],"collection":[{"href":"https:\/\/jalgpallimuuseum.ee\/en\/wp-json\/wp\/v2\/pages"}],"about":[{"href":"https:\/\/jalgpallimuuseum.ee\/en\/wp-json\/wp\/v2\/types\/page"}],"author":[{"embeddable":true,"href":"https:\/\/jalgpallimuuseum.ee\/en\/wp-json\/wp\/v2\/users\/1"}],"replies":[{"embeddable":true,"href":"https:\/\/jalgpallimuuseum.ee\/en\/wp-json\/wp\/v2\/comments?post=5522"}],"version-history":[{"count":2,"href":"https:\/\/jalgpallimuuseum.ee\/en\/wp-json\/wp\/v2\/pages\/5522\/revisions"}],"predecessor-version":[{"id":5524,"href":"https:\/\/jalgpallimuuseum.ee\/en\/wp-json\/wp\/v2\/pages\/5522\/revisions\/5524"}],"wp:attachment":[{"href":"https:\/\/jalgpallimuuseum.ee\/en\/wp-json\/wp\/v2\/media?parent=5522"}],"curies":[{"name":"wp","href":"https:\/\/api.w.org\/{rel}","templated":true}]}}